{"id":472,"date":"2020-08-10T11:15:12","date_gmt":"2020-08-10T08:15:12","guid":{"rendered":"https:\/\/enduro.ee\/wp\/?page_id=472"},"modified":"2020-09-12T21:18:29","modified_gmt":"2020-09-12T18:18:29","slug":"enduro-2020-meeskondlik-punktiseis","status":"publish","type":"page","link":"https:\/\/enduro.ee\/wp\/enduro-2020-meeskondlik-punktiseis\/","title":{"rendered":"ENDURO 2020 MEESKONDLIK PUNKTISEIS"},"content":{"rendered":"<table width=\"647\">\n<tbody>\n<tr>\n<td width=\"32\">Koht<\/td>\n<td width=\"145\">V\u00f5istkond<\/td>\n<td width=\"145\">Klubi<\/td>\n<td width=\"49\">Madona<\/td>\n<td width=\"60\">EstoniaGP<\/td>\n<td width=\"47\">Paikuse<\/td>\n<td width=\"53\">J\u00f5esuu<\/td>\n<td width=\"67\">V\u00f5rtsj\u00e4rve<\/td>\n<td width=\"49\">Kokku<\/td>\n<\/tr>\n<tr>\n<td>1<\/td>\n<td>RedMoto Racing 1<\/td>\n<td>RedMoto Racing<\/td>\n<td>127,75<\/td>\n<td>110<\/td>\n<td>105,75<\/td>\n<td>64,25<\/td>\n<td>63,25<\/td>\n<td>471,00<\/td>\n<\/tr>\n<tr>\n<td>2<\/td>\n<td>Paikuse Motoklubi<\/td>\n<td>Paikuse Motoklubi<\/td>\n<td>88<\/td>\n<td>80<\/td>\n<td>99<\/td>\n<td>48,75<\/td>\n<td>46,5<\/td>\n<td>362,25<\/td>\n<\/tr>\n<tr>\n<td>3<\/td>\n<td>S\u00f5merpalu Motoklubi<\/td>\n<td>S\u00f5merpalu Motoklubi<\/td>\n<td>94,75<\/td>\n<td><\/td>\n<td>119<\/td>\n<td><\/td>\n<td>69<\/td>\n<td>282,75<\/td>\n<\/tr>\n<tr>\n<td>4<\/td>\n<td>CEC I.S.Racing<\/td>\n<td>CEC. IS. Racing<\/td>\n<td>129,5<\/td>\n<td><\/td>\n<td>121<\/td>\n<td><\/td>\n<td><\/td>\n<td>250,50<\/td>\n<\/tr>\n<tr>\n<td>5<\/td>\n<td>Motosports Racing Team<\/td>\n<td>Motosports Racing Team<\/td>\n<td>130<\/td>\n<td><\/td>\n<td>110<\/td>\n<td><\/td>\n<td><\/td>\n<td>240,00<\/td>\n<\/tr>\n<tr>\n<td>6<\/td>\n<td>Karksi Racing Team<\/td>\n<td>Karksi Racing Team<\/td>\n<td>37<\/td>\n<td>50,25<\/td>\n<td>59,5<\/td>\n<td>45,25<\/td>\n<td>39,25<\/td>\n<td>231,25<\/td>\n<\/tr>\n<tr>\n<td>7<\/td>\n<td>RedMoto Racing 2<\/td>\n<td>RedMoto Racing<\/td>\n<td><\/td>\n<td>81,5<\/td>\n<td><\/td>\n<td><\/td>\n<td><\/td>\n<td>81,50<\/td>\n<\/tr>\n<tr>\n<td>8<\/td>\n<td>Kilobaitas RT<\/td>\n<td>Kilobaitas RT<\/td>\n<td><\/td>\n<td><\/td>\n<td><\/td>\n<td>64,25<\/td>\n<td><\/td>\n<td>64,25<\/td>\n<\/tr>\n<tr>\n<td>9<\/td>\n<td>Tartu Enduro Klubi<\/td>\n<td>Tartu Enduro Klubi<\/td>\n<td><\/td>\n<td>62,25<\/td>\n<td><\/td>\n<td><\/td>\n<td><\/td>\n<td>62,25<\/td>\n<\/tr>\n<tr>\n<td>10<\/td>\n<td>P\u00e4rnu Motoclub<\/td>\n<td>P\u00e4rnu Motoclub<\/td>\n<td><\/td>\n<td><\/td>\n<td><\/td>\n<td><\/td>\n<td>50<\/td>\n<td>50,00<\/td>\n<\/tr>\n<tr>\n<td>11<\/td>\n<td>ap Pasaule<\/td>\n<td>ap Pasaule<\/td>\n<td>33<\/td>\n<td><\/td>\n<td><\/td>\n<td><\/td>\n<td><\/td>\n<td>33,00<\/td>\n<\/tr>\n<\/tbody>\n<\/table>\n","protected":false},"excerpt":{"rendered":"<p>Koht V\u00f5istkond Klubi Madona EstoniaGP Paikuse J\u00f5esuu V\u00f5rtsj\u00e4rve Kokku 1 RedMoto Racing 1 RedMoto Racing 127,75 110 105,75 64,25 63,25 471,00 2 Paikuse Motoklubi Paikuse Motoklubi 88 80 99 48,75 [&hellip;]<\/p>\n","protected":false},"author":3,"featured_media":0,"parent":0,"menu_order":0,"comment_status":"closed","ping_status":"closed","template":"","meta":{"footnotes":""},"class_list":["post-472","page","type-page","status-publish","hentry"],"amp_enabled":true,"_links":{"self":[{"href":"https:\/\/enduro.ee\/wp\/wp-json\/wp\/v2\/pages\/472","targetHints":{"allow":["GET"]}}],"collection":[{"href":"https:\/\/enduro.ee\/wp\/wp-json\/wp\/v2\/pages"}],"about":[{"href":"https:\/\/enduro.ee\/wp\/wp-json\/wp\/v2\/types\/page"}],"author":[{"embeddable":true,"href":"https:\/\/enduro.ee\/wp\/wp-json\/wp\/v2\/users\/3"}],"replies":[{"embeddable":true,"href":"https:\/\/enduro.ee\/wp\/wp-json\/wp\/v2\/comments?post=472"}],"version-history":[{"count":7,"href":"https:\/\/enduro.ee\/wp\/wp-json\/wp\/v2\/pages\/472\/revisions"}],"predecessor-version":[{"id":508,"href":"https:\/\/enduro.ee\/wp\/wp-json\/wp\/v2\/pages\/472\/revisions\/508"}],"wp:attachment":[{"href":"https:\/\/enduro.ee\/wp\/wp-json\/wp\/v2\/media?parent=472"}],"curies":[{"name":"wp","href":"https:\/\/api.w.org\/{rel}","templated":true}]}}